{"id":3306,"date":"2018-01-29T12:08:01","date_gmt":"2018-01-29T10:08:01","guid":{"rendered":"https:\/\/dpaike.ee\/?page_id=3306\/"},"modified":"2022-11-25T15:10:39","modified_gmt":"2022-11-25T13:10:39","slug":"terms-and-conditions","status":"publish","type":"page","link":"https:\/\/dpaike.ee\/en\/terms-and-conditions\/","title":{"rendered":"Sales terms and conditions"},"content":{"rendered":"<p><strong>1\u00a0 \u00a0 \u00a0 \u00a0General provisions<\/strong><\/p>\n<p>1.1\u00a0\u00a0 D P\u00e4ike is a sales and service environment administered by Regentum O\u00dc (hereinafter: D P\u00e4ike), in which the following services are provided and the following products are sold:<br \/>\n1.1.1\u00a0\u00a0\u00a0\u00a0\u00a0\u00a0\u00a0 The tanning services (hereinafter: Service) provided by the tanning salons operating under the D P\u00e4ike trademark (hereinafter each individual salon: Salon; plural Salons), and on the online website http:\/\/www.dpaike.ee\/ (hereinafter: dpaike.ee) for a fee;<br \/>\n1.1.2\u00a0\u00a0\u00a0\u00a0\u00a0\u00a0\u00a0 The tanning and skincare products (hereinafter Product) sold in the dp\u00e4ike.ee online shop and shops operating under the D P\u00e4ike trademark.<br \/>\n1.2\u00a0\u00a0 The following restrictions apply to the use of the Service:<br \/>\n1.2.1\u00a0\u00a0\u00a0\u00a0\u00a0\u00a0\u00a0 The D P\u00e4ike artificial tanning Service can be used by people starting aged 18 and over;<br \/>\n1.2.2\u00a0\u00a0\u00a0\u00a0\u00a0\u00a0\u00a0 The D P\u00e4ike spray tanning Service can be used by people aged 16 and over.<br \/>\n1.2.3\u00a0\u00a0\u00a0\u00a0\u00a0\u00a0\u00a0 There is no age limit on the use of Products.<br \/>\n1.2.4\u00a0\u00a0\u00a0\u00a0\u00a0\u00a0\u00a0 D p\u00e4ike\u00a0 is not responsible for any personal belongings left in the salon and tanning booth by clients and visitors.<\/p>\n<p><strong>2\u00a0\u00a0\u00a0\u00a0\u00a0\u00a0 Creating an account and acquiring client status<\/strong><br \/>\n2.1 In order to use the D P\u00e4ike Service, it is necessary to register as a D P\u00e4ike User online at dpaike.ee or in a salon by creating the respective free client account (hereinafter: Account).<br \/>\n2.2 From the moment of registration, registrants are considered to be D P\u00e4ike clients (hereinafter: Client), who prove their status as Clients with their ID cards, and if they lack an ID card, with a client card issued at the Salon (extra fee for the card).<br \/>\n2.3 A Client can have only one Account.<br \/>\n2.4 All persons who have valid D P\u00e4ike, P\u00e4ike and P\u00e4iksekiir client cards are considered to be clients, and the existence of a card enables the person to log onto D P\u00e4ike.ee in order to buy Services and Products (authorization with the ID card is necessary when logging in for the first time).<br \/>\n2.5 In order to be able to log onto the Account through Facebook or Google+ accounts, the first log-in must be executed with an ID card.<br \/>\n2.6 The information submitted to create the Account must be true and complete.<br \/>\n2.7 The company has the right to terminate the customer agreement unilaterally by notifying the customer 14 days in advance. The account balance will be returned.<\/p>\n<p><strong>3\u00a0\u00a0\u00a0\u00a0\u00a0\u00a0 Payment for and price of the Services or Products<\/strong><br \/>\n3.1 The Client pays for the Services via dpaike.ee, by using the respective bank link or by paying for the Services with a card payment or in cash at a Salon, or by loading the desired amount into one\u2019s Account.<br \/>\n3.2 The Client pays for the Products via dpaike.ee, by using the respective bank link or by paying for the Products with a card payment or in cash at a Salon. To pay for Products, the Client can also use the funds uploaded into the Account in the way specified for Services in clause 3.1.<br \/>\n3.3 Funds that have been uploaded into the Account as a discount on the use of Services by D P\u00e4ike (i.e. not the client) cannot be used to pay for Products, and can only be used to pay for Services.<br \/>\n3.4 In regard to each individual Service or Product, D P\u00e4ike does not have an obligation to provide the Service or deliver the Product until the amount for providing the Service for or for acquiring Product has been debited from the Client\u2019s bank account, or the necessary monetary resources for acquiring the Product or Client Service has been paid in cash at a Salon. Products or Services are not booked before the Client\u2019s account has been debited (incl. for example, by adding them to the dpaike.ee shopping cart).<br \/>\n3.5 The monetary resources deposited in the Client\u2019s Account expire if the Client does not use the Account for three (3) successive years.<br \/>\n3.6 D P\u00e4ike will not refund the monetary resources that have been uploaded into the Account for any reason or under any circumstances, except if the Client\u2019s health-related contraindication to tanning is confirmed by submitting a certificate from a medical institution.<br \/>\n3.7 The price of the Services and Products sold by D P\u00e4ike are indicated next to the respective Service or Product, in the display case exhibiting the Products or in the Service pricelist. In the case of sales campaigns, the regular as well as the campaign prices are indicated next to the Service or Product.<\/p>\n<p><strong>4\u00a0\u00a0\u00a0\u00a0\u00a0\u00a0 Using the Service<br \/>\n<\/strong>4.1\u00a0\u00a0 The monetary resources uploaded into the D P\u00e4ike Client Account are used for Services as follows:<br \/>\n4.1.1 to pay for Services according to the D P\u00e4ike pricelist;<br \/>\n4.1.2 for the price of the Service in the pricelist less the discount associated with the client status: i.e. Loyal Client 10 %, Premium Client 20% and VIP Client 40%;<br \/>\n4.1.3 for one free tanning session on the Client\u2019s birthday or the day immediately preceding or following it.<\/p>\n<p><strong>5\u00a0\u00a0\u00a0\u00a0\u00a0\u00a0 The Client can use dpaike.ee to<\/strong><br \/>\n5.1 book an available time for tanning at the desired Salon, on the desired day and time;<br \/>\n5.2 book an available time for spray tanning at the D P\u00e4ike salon at Narva mnt 7 in Tallinn;<br \/>\n5.3 update their client information when making a booking.<\/p>\n<p><strong>6\u00a0\u00a0\u00a0\u00a0\u00a0\u00a0 Booking a time to use the Service<\/strong><br \/>\n6.1 When using the service in a salon, reservation and use of the session is in accordance with the live order.<br \/>\n6.2 Tanning salons are available at open hours, please look:\u00a0 www.dpaike.ee.<br \/>\n6.3 Please note that the last tanning session must start no more than 15 minutes before closing the salon, when the client can sunbathe for a maximum of 6 minutes.<br \/>\n6.4 All the required fields must be filled in when booking a time for using the Service on dpaike.ee.<br \/>\n6.5 A time to use the Service can be booked up to seven (7) days in advance of the time desired for the use of the Service.<br \/>\n6.6 Several bookings can be made at once. However, D P\u00e4ike warns that, depending on the Client\u2019s skin type, a minimum of 48 to 72 hours must elapse between tanning sessions.<br \/>\n6.7 In order to use the booked time, the person must arrive at the Salon at least ten (10) minutes before the start of the time booked for the Service. Otherwise, (i.e. when not appearing or appearing late for a session) the Service will be cancelled and the money will not be refunded.<br \/>\n6.8 When using the Service, the Client must present his or her ID card or D P\u00e4ike client card to the service representative at the Salon.<br \/>\n6.9 A booked time for using the Service cannot be cancelled. However, the time when the Service is to be provided, or the Salon where the Service will be provided can be changed. Any changes must be made at least twenty-four (24) hours in advance of the start of the time booked for the Service.<br \/>\n6.10 Any possible difference in the price of the Service that may result from a change in the time of the booking will be deposited or debited from the Client Account depending on whether the change in the time that the Service is provided caused an increase or reduction in price.<\/p>\n<p><strong>7\u00a0\u00a0\u00a0\u00a0\u00a0\u00a0 Buying Products\/ placing orders<\/strong><br \/>\n7.1 In order to buy Products from the dpaike.ee online shop, select the desired Product and add it to the cart. Products in the cart can be viewed or removed from the cart; the quantities can be changed and the order placed by clicking on \u201cGo to shopping cart\u201d. Having reviewed the selected Products and quantities, click on \u201cGo to checkout\u201d.<br \/>\n7.2 On the checkout page, the buyer must fill in the fields for his\/her name, address, email address and phone number. The rapid and smooth delivery of the goods depends on the accuracy of the information, and therefore, we recommend you check to make sure all the information has been entered correctly. On the checkout page, it is possible to specify different addresses for the delivery and the invoice.<br \/>\n7.3 Next, the desired means of delivery and payment must be selected on the checkout page (a more exact description is provided below). Once all the information has been checked, click on \u201cSubmit order\u201d. Thereafter the buyer will be directed to select the means of payment either by bank link, credit card or funds available on the D P\u00e4ike Client Account. Once the payment has been confirmed, the confirmation of the order will be sent to the email address indicated on the order.<br \/>\n7.4 The seller reserves the right to refuse to sell the ordered goods, if the Product price or properties are inaccurate due human error or technical problems in the system, the ordered goods are sold out or if the buyer does not conform to the requirements of these terms and conditions for the use of the online shop. In this case, the seller will contact the buyer and refund the paid amount or offer a substitute Product.<br \/>\n7.5 If the buyer has any questions about the Product or about placing the order, these questions can be submitted to the seller at the email address:<a href=\"mailto:info@dpaike.ee\"> info@dpaike.ee<\/a>.<\/p>\n<p><a name=\"transport\"><\/a><strong>8\u00a0\u00a0\u00a0\u00a0\u00a0\u00a0 Delivery of the goods<br \/>\n<\/strong>8.1\u00a0\u00a0 The delivery time for Products within the Republic of Estonia is up to five (5) business days.<br \/>\n8.2\u00a0\u00a0 If the ordered goods cannot be delivered within 5 business day, the D P\u00e4ike customer service department will arrange a suitable delivery time with the buyer.<br \/>\n8.3\u00a0\u00a0 The goods will be transported in accordance with the selection made by the buyer on the checkout page:<br \/>\n8.3.1\u00a0 \u00a0 \u00a0 \u00a0 Itella SmartPOST package automat:<br \/>\n8.3.1.1\u00a0\u00a0\u00a0 Itella SmartPOST package automats are located in various shopping centres throughout the Baltic countries. The Itella SmartPOST package automats are open as long as the shopping centres where the package automats are located are open. When a package arrives at the Itella SmartPOST package automat, the buyer is sent a text message by mobile phone with the locker code, based on which the package can be picked up from the automat. The package is kept in the Itella SmartPOST automat for seven (7) calendar days from the time the locker code is sent by email.<br \/>\n8.3.2\u00a0 \u00a0 \u00a0 \u00a0 The DPD courier<br \/>\n8.3.2.1\u00a0\u00a0\u00a0 The DPD courier service delivers the goods to the buyer\u2019s home or office. The courier service delivers packages from Monday to Saturday at a suitable time (between 9 am and 5 pm or between 5 pm and 9 pm). A text message is sent to the buyer with the exact time on the morning of the delivery. The courier phones the buyer 15 minutes before arrival. If the first delivery is unsuccessful, the courier arranges a new time if necessary.<br \/>\n8.3.2.2\u00a0 \u00a0 DPD Pickup package automat:<br \/>\n8.3.2.3\u00a0 \u00a0 DPD Pickup package automats are located in various shopping centres throughout the Baltic countries. The DPD Pickup package automats are open as long as the shopping centres where the package automats are or when automat is outdoors, then it is open 24h. When a package arrives at the DPD Pickup package automat, the buyer is sent a text message by mobile phone with the locker code, based on which the package can be picked up from the automat.<\/p>\n<p><a name=\"return\"><\/a><strong>10\u00a0\u00a0\u00a0 14-day right of return and order cancellation<\/strong><br \/>\n10.1 If the buyer wants to rescind the order and the seller has not yet shipped it, it is possible to cancel the order. To cancel an order, the corresponding wish should be communicated by email as soon as possible to info@dpaike.ee, by indicating the order number and payment details (your name and bank account number).<br \/>\n10.2 The buyer can return the purchased goods, if they have not been used, within 14 days and get a refund, or exchange it for another Product by giving notification of the wish by email to info@dpaike.ee, and indicating the order number and payment details (your name and bank account number).The Product to be returned must be returned within 30 days of the notification of the wish to return and the cost of up to \u20ac10 will be paid by the buyer. The money for the returned Product will be deposited in the buyer\u2019s bank account within 30 days of the goods being received.<br \/>\n10.3 The right of return will not apply if the Product has been used, it is not in its original packaging or the packaging has been damaged. The right of return also will not apply to goods that are not subject for return for reasons of health protection and hygiene, and if they were open upon delivery (creams and other care products). In such cases, the money will not be refunded to the buyer, the Product will not be accepted and will be sent back to the buyer.<br \/>\n10.4 If the Product is returned because the seller has been sent the wrong Product, then in addition to the purchase price, the seller will also compensate the cost of returning the goods within 30 days of the notice being made of the wish to return to return the goods.<br \/>\n10.5 If the Product received by the buyer was damaged during transport, or does not correspond to the description upon delivery, the buyer can submit a claim within two months of the shortcoming becoming evident. The buyer has the right to submit a claim within two years of receiving the goods, and within two months of the shortcoming becoming evident. The seller will not accept responsibility for any shortcomings that have resulted from the misuse of the goods or damage to the goods.<\/p>\n<p><strong>11\u00a0\u00a0\u00a0 Privacy \/ processing of personal data<\/strong><br \/>\n11.1 The information and personal data gathered in the course of visits to the D P\u00e4ike online shop and the placement of orders will be handled in accordance with the Personal Data Protection Act and will not be disclosed to third parties.<br \/>\n11.2 The D P\u00e4ike online shop collects the User\u2019s personal data when Accounts are created and\/or orders are placed.<br \/>\n11.3 Personal data to be processed includes the User\u2019s name, email address, mobile phone number and consumer preferences.<br \/>\n11.4 The D P\u00e4ike online shop uses the personal data for the provision, development and personalisation of Services. The given Services should be primarily considered the Services offered on the dpaike.ee website; the sale of the goods to the Users and the personalisation of offers.<br \/>\n11.5 By entering and confirming the data on the D P\u00e4ike online shop, the User grants the right to collect and process the User\u2019s personal data and to forward the data necessary for delivering the goods to the logistics partner.<br \/>\n11.6 The use of electronic personal data for direct mail occurs only if the User has given permission in the D P\u00e4ike online shop.<br \/>\n11.7 The buyer can always decide to unsubscribe from offers or newsletters by notifying us by email and following the instructions specified in the next email with an offer.<br \/>\n11.8 When paying for purchases via encrypted data communication with banks, the User ensures the security of the User\u2019s personal bank codes and the D P\u00e4ike online shop does not have access to them.<br \/>\n11.9 The D P\u00e4ike online shop will not forward the personal data acquired about the Client to third parties.<br \/>\n11.10 Personal data is processed by Regentum O\u00dc (10723248), P\u00e4rnu mnt 8, Tallinn 10148.<\/p>\n<p><strong>12\u00a0\u00a0\u00a0 Use of cookies<\/strong><br \/>\n12.1 The D P\u00e4ike online shop uses temporary cookies on its website, in order to ensure the smooth operation of the website. Cookies are small files that are replicated in the user\u2019s computer and are used in the course of providing the online service to save the online sessions. Their purpose is to remember and help the user of the website.<br \/>\n12.2 Cookies contain information that is not personally identifiable. For example, they are used to save the selections made by the buyer, to compile statistics and find out how the online shop visitors use the website. This information helps to further develop the user-friendliness of the online environment and to display user-specific information on the website. Users may prohibit the use of cookies in their web browsers, but this may cause problems when visiting websites.<\/p>\n<p><strong>13\u00a0\u00a0\u00a0 Amending the terms and conditions<\/strong><br \/>\n13.1 In the interests of the future development of D P\u00e4ike and the better and more secure use of D P\u00e4ike, Regentum O\u00dc has the right to amend these terms and conditions, the notification of which shall be made via dpaike.ee;<br \/>\n13.2 Any amendments or additions made to the terms and conditions will enter into force upon the amendments or additions being published via dpaike.ee.<br \/>\n13.3 If the Client has placed an order before the amendments have entered into force, the terms and conditions that were valid when the order was placed by the Client will apply to the legal relationship between D P\u00e4ike and the Client.<\/p>\n<p><strong>Contact information<br \/>\n<\/strong>If you have any questions call 6 057 058 or send an email to <a href=\"mailto:info@dpaike.ee\">info@dpaike.ee<\/a><\/p>\n","protected":false},"excerpt":{"rendered":"<p>1\u00a0 \u00a0 \u00a0 \u00a0General provisions 1.1\u00a0\u00a0 D P\u00e4ike is a sales and service environment administered by Regentum O\u00dc (hereinafter: D P\u00e4ike), in which the following services are provided and the following products are sold: 1.1.1\u00a0\u00a0\u00a0\u00a0\u00a0\u00a0\u00a0 The tanning services (hereinafter: Service) provided by the tanning salons operating under the D P\u00e4ike trademark (hereinafter each individual salon: [&hellip;]<\/p>\n","protected":false},"author":16564,"featured_media":3025,"parent":0,"menu_order":0,"comment_status":"closed","ping_status":"closed","template":"","meta":{"_acf_changed":false,"footnotes":""},"class_list":["post-3306","page","type-page","status-publish","has-post-thumbnail","hentry"],"acf":[],"_links":{"self":[{"href":"https:\/\/dpaike.ee\/en\/wp-json\/wp\/v2\/pages\/3306","targetHints":{"allow":["GET"]}}],"collection":[{"href":"https:\/\/dpaike.ee\/en\/wp-json\/wp\/v2\/pages"}],"about":[{"href":"https:\/\/dpaike.ee\/en\/wp-json\/wp\/v2\/types\/page"}],"author":[{"embeddable":true,"href":"https:\/\/dpaike.ee\/en\/wp-json\/wp\/v2\/users\/16564"}],"replies":[{"embeddable":true,"href":"https:\/\/dpaike.ee\/en\/wp-json\/wp\/v2\/comments?post=3306"}],"version-history":[{"count":17,"href":"https:\/\/dpaike.ee\/en\/wp-json\/wp\/v2\/pages\/3306\/revisions"}],"predecessor-version":[{"id":69683,"href":"https:\/\/dpaike.ee\/en\/wp-json\/wp\/v2\/pages\/3306\/revisions\/69683"}],"wp:featuredmedia":[{"embeddable":true,"href":"https:\/\/dpaike.ee\/en\/wp-json\/wp\/v2\/media\/3025"}],"wp:attachment":[{"href":"https:\/\/dpaike.ee\/en\/wp-json\/wp\/v2\/media?parent=3306"}],"curies":[{"name":"wp","href":"https:\/\/api.w.org\/{rel}","templated":true}]}}