{"id":3325,"date":"2018-01-29T12:15:28","date_gmt":"2018-01-29T10:15:28","guid":{"rendered":"https:\/\/dpaike.ee\/?page_id=3325\/"},"modified":"2021-11-05T16:33:44","modified_gmt":"2021-11-05T14:33:44","slug":"general-information-and-contact","status":"publish","type":"page","link":"https:\/\/dpaike.ee\/en\/general-information-and-contact\/","title":{"rendered":"General Information and contact"},"content":{"rendered":"<p>Our company was founded in 2003 and we introduced the d P\u00e4ike brand in\u00a02013. Therefore, we have been letting the sun shine in Estonia\u2019s damp and dusky climate for 17 brightly shining years! In addition to the d P\u00e4ike salons, our chain of tanning salons also includes all the P\u00e4ike and P\u00e4ikesekiir tanning salons, which will soon be carrying the d P\u00e4ike name as well. Therefore, wherever you live or travel in Estonia, there is never enough sunlight in this corner of the globe! \u00a0Come and tan in our salons, where a warm sun is always shining!<\/p>\r\n<p>In the <a href=\"https:\/\/dpaike.ee\/en\/salons\/\">D p\u00e4ike \/ P\u00e4ike \/ P\u00e4ikesekiir tanning salons<\/a> (a total of 18), we focus daily on providing the most professional and best complete tanning service! Our tanning consultants are certified and capable of providing competent advice related to the tanning sessions and tanning products. We have the world\u2019s best quality tanning equipment in our salons, which represents innovative UV technology, exclusive design and all the most modern conveniences and solutions. The professional tanning cosmetics and skincare products sold in our salons will help you achieve a perfect and long-lasting tan.<\/p>\r\n<p>D p\u00e4ike, for a naturally sunny life!<\/p>\r\n<p><strong>Contact<br \/><\/strong>Regentum O\u00dc<br \/>Reg no.: 10723248<br \/>P\u00e4rnu mnt 8, Tallinn 10148<br \/>Phone: +372 6 057 058<br \/>Email: <a href=\"mailto:info@dpaike.ee\">info@dpaike.ee<\/a><\/p>\r\n<ol>\r\n<li>We always respond to e-mails as soon as possible, but not more than within five working days.<\/li>\r\n<li>When contacting us regarding lost items, please note that the tanning center is not responsible for forgotten items in the salon.<\/li>\r\n<\/ol>\r\n\r\n<p>&nbsp;<\/p>\r\n","protected":false},"excerpt":{"rendered":"<p>Our company was founded in 2003 and we introduced the d P\u00e4ike brand in\u00a02013. Therefore, we have been letting the sun shine in Estonia\u2019s damp and dusky climate for 17 brightly shining years! In addition to the d P\u00e4ike salons, our chain of tanning salons also includes all the P\u00e4ike and P\u00e4ikesekiir tanning salons, which [&hellip;]<\/p>\n","protected":false},"author":16564,"featured_media":3076,"parent":0,"menu_order":0,"comment_status":"closed","ping_status":"closed","template":"","meta":{"_acf_changed":false,"footnotes":""},"class_list":["post-3325","page","type-page","status-publish","has-post-thumbnail","hentry"],"acf":[],"_links":{"self":[{"href":"https:\/\/dpaike.ee\/en\/wp-json\/wp\/v2\/pages\/3325","targetHints":{"allow":["GET"]}}],"collection":[{"href":"https:\/\/dpaike.ee\/en\/wp-json\/wp\/v2\/pages"}],"about":[{"href":"https:\/\/dpaike.ee\/en\/wp-json\/wp\/v2\/types\/page"}],"author":[{"embeddable":true,"href":"https:\/\/dpaike.ee\/en\/wp-json\/wp\/v2\/users\/16564"}],"replies":[{"embeddable":true,"href":"https:\/\/dpaike.ee\/en\/wp-json\/wp\/v2\/comments?post=3325"}],"version-history":[{"count":9,"href":"https:\/\/dpaike.ee\/en\/wp-json\/wp\/v2\/pages\/3325\/revisions"}],"predecessor-version":[{"id":49056,"href":"https:\/\/dpaike.ee\/en\/wp-json\/wp\/v2\/pages\/3325\/revisions\/49056"}],"wp:featuredmedia":[{"embeddable":true,"href":"https:\/\/dpaike.ee\/en\/wp-json\/wp\/v2\/media\/3076"}],"wp:attachment":[{"href":"https:\/\/dpaike.ee\/en\/wp-json\/wp\/v2\/media?parent=3325"}],"curies":[{"name":"wp","href":"https:\/\/api.w.org\/{rel}","templated":true}]}}